{"id":2405,"date":"2024-03-14T12:25:08","date_gmt":"2024-03-14T11:25:08","guid":{"rendered":"https:\/\/www.buchenhof.at.host25.profi-server.net\/?page_id=2405"},"modified":"2024-06-28T11:11:50","modified_gmt":"2024-06-28T09:11:50","slug":"protezione-dati","status":"publish","type":"page","link":"https:\/\/www.buchenhof.at\/it\/protezione-dati\/","title":{"rendered":"Protezione dati"},"content":{"rendered":"\n\n\t<section class=\"section\" id=\"section_1958273556\">\n\t\t<div class=\"section-bg fill\" >\n\t\t\t\t\t\t\t\t\t\n\t\t\t\n\n\t\t<\/div>\n\n\t\t\n\n\t\t<div class=\"section-content relative\">\n\t\t\t\n\n\t<div id=\"gap-695710395\" class=\"gap-element clearfix\" style=\"display:block; height:auto;\">\n\t\t\n<style>\n#gap-695710395 {\n  padding-top: 55px;\n}\n@media (min-width:550px) {\n  #gap-695710395 {\n    padding-top: 75px;\n  }\n}\n@media (min-width:850px) {\n  #gap-695710395 {\n    padding-top: 90px;\n  }\n}\n<\/style>\n\t<\/div>\n\t\n\n<div class=\"row align-center\"  id=\"row-202574296\">\n\n\n\t<div id=\"col-1843270825\" class=\"col medium-7 small-12 large-5\"  >\n\t\t\t\t<div class=\"col-inner text-center\"  >\n\t\t\t\n\t\t\t\n\n\t<div id=\"text-1526233712\" class=\"text\">\n\t\t\n\n<h1>Protezione dati<\/h1>\n\t\t\n<style>\n#text-1526233712 {\n  font-size: 2rem;\n}\n<\/style>\n\t<\/div>\n\t\n\n\t\t<\/div>\n\t\t\t\t\t<\/div>\n\n\t\n\n<\/div>\n<div class=\"row align-center\"  id=\"row-319561887\">\n\n\n\t<div id=\"col-1120209312\" class=\"col medium-12 small-12 large-10\"  >\n\t\t\t\t<div class=\"col-inner\" style=\"background-color:rgb(255, 255, 255);\" >\n\t\t\t\n\t\t\t\n\n<h3>Informativa sulla privacy<\/h3>\n<p>I dati personali (di seguito denominati &#8220;dati&#8221;) sono trattati da noi solo nella misura necessaria e ai fini della fornitura di un sito web funzionante e facile da usare, compresi i suoi contenuti e i servizi offerti.<\/p>\n<p>Ai sensi dell&#8217;Art. 4 numero 1 del Regolamento (UE) 2016\/679, ovvero il Regolamento Generale sulla Protezione dei Dati (di seguito denominato &#8220;GDPR&#8221;), per &#8220;trattamento&#8221; si intende qualsiasi operazione o insieme di operazioni eseguite con o senza l&#8217;ausilio di processi automatizzati e applicate a dati personali, come la raccolta, la registrazione, l&#8217;organizzazione, la strutturazione, la conservazione, l&#8217;adattamento o la modifica, l&#8217;estrazione, la consultazione, l&#8217;uso, la comunicazione mediante trasmissione, diffusione o qualsiasi altra forma di messa a disposizione, il raffronto o l&#8217;interconnessione, la limitazione, la cancellazione o la distruzione.<\/p>\n<p>Con la seguente informativa sulla privacy, vi informiamo in particolare sulla natura, l&#8217;estensione, lo scopo, la durata e la base giuridica del trattamento dei dati personali, nella misura in cui decidiamo, da soli o insieme ad altri, sugli scopi e sui mezzi del trattamento. Inoltre, vi informiamo di seguito sui componenti di terze parti che utilizziamo a scopo di ottimizzazione e per aumentare la qualit\u00e0 d&#8217;uso, nella misura in cui tali terze parti trattano i dati sotto la propria responsabilit\u00e0.<\/p>\n<p>La nostra informativa sulla privacy \u00e8 strutturata come segue:<\/p>\n<p>I. Informazioni su di noi come responsabili<br \/>II. Diritti degli utenti e degli interessati<br \/>III. Informazioni sul trattamento dei dati<\/p>\n<p>I. Informazioni su di noi come responsabili<br \/>Il responsabile di questo sito web ai sensi della legge sulla protezione dei dati \u00e8:<\/p>\n<p>Sternbergstra\u00dfe 40<br \/>A-9220 Velden<br \/>T. +43 4274 \/ 4343<br \/>E. <a href=\"mailto:info@buchenhof.at\">info@buchenhof.at<\/a><\/p>\n<p>FN:\u00a0<br \/>UID: ATU26872809<\/p>\n<p>II. Diritti degli utenti e degli interessati<br \/>In relazione al trattamento dei dati descritto di seguito, gli utenti e gli interessati hanno il diritto<\/p>\n<p>di ottenere conferma dell&#8217;esistenza o meno di dati personali che li riguardano e di essere informati su tali dati, nonch\u00e9 di ricevere ulteriori informazioni sul loro trattamento e copie dei dati (cfr. Art. 15 GDPR);<br \/>di ottenere la rettifica o l&#8217;integrazione di dati inesatti o incompleti (cfr. Art. 16 GDPR);<br \/>di ottenere la cancellazione immediata dei dati personali che li riguardano (cfr. Art. 17 GDPR), o, in alternativa, nella misura in cui sia necessario un ulteriore trattamento ai sensi dell&#8217;Art. 17 par. 3 GDPR, di ottenere la limitazione del trattamento dei dati ai sensi dell&#8217;Art. 18 GDPR;<br \/>di ricevere i dati che li riguardano e da loro forniti e di trasmetterli ad altri fornitori\/responsabili (cfr. Art. 20 GDPR);<br \/>di proporre reclamo a un&#8217;autorit\u00e0 di controllo, qualora ritengano che i dati che li riguardano siano trattati dal fornitore in violazione delle disposizioni sulla protezione dei dati (cfr. Art. 77 GDPR).<br \/>Inoltre, il fornitore \u00e8 tenuto a informare tutti i destinatari ai quali sono stati comunicati i dati di qualsiasi rettifica, cancellazione o limitazione del trattamento dei dati ai sensi degli Articoli 16, 17 par. 1, 18 GDPR. Questo obbligo non sussiste qualora tale comunicazione sia impossibile o comporti uno sforzo sproporzionato. Fermo restando quanto sopra, l&#8217;utente ha il diritto di essere informato su tali destinatari.<\/p>\n<p>Gli utenti e gli interessati hanno altres\u00ec il diritto di opporsi, in qualsiasi momento, al trattamento futuro dei dati che li riguardano, ai sensi dell&#8217;Art. 21 GDPR, se i dati sono trattati dal fornitore ai sensi dell&#8217;Art. 6 par. 1 lett. f) GDPR. In particolare, \u00e8 consentita l&#8217;opposizione al trattamento dei dati per finalit\u00e0 di marketing diretto.<\/p>\n<p>III. Informazioni sul trattamento dei dati<br \/>I dati trattati durante l&#8217;uso del nostro sito web saranno cancellati o bloccati non appena verr\u00e0 meno la finalit\u00e0 della loro conservazione, a meno che la cancellazione dei dati non contrasti con obblighi legali di conservazione e salvo diversa indicazione nei singoli procedimenti di trattamento descritti di seguito.<\/p>\n<p>DATI DEL SERVER<br \/>Per motivi tecnici, in particolare per garantire un sito web sicuro e stabile, i dati vengono trasmessi dal vostro browser internet a noi o al nostro fornitore di spazio web. Con questi cosiddetti file di log del server vengono raccolti, tra gli altri, il tipo e la versione del vostro browser internet, il sistema operativo, il sito web da cui avete effettuato l&#8217;accesso al nostro sito web (Referrer URL), il\/i sito\/i web del nostro sito web che visitate, la data e l&#8217;ora del rispettivo accesso e l&#8217;indirizzo IP del collegamento internet da cui viene utilizzato il nostro sito web.<\/p>\n<p>Questi dati cos\u00ec raccolti vengono memorizzati temporaneamente, ma non insieme ad altri vostri dati.<\/p>\n<p>Questa memorizzazione avviene sulla base giuridica dell&#8217;Art. 6 par. 1 lett. f) GDPR. Il nostro legittimo interesse risiede nel miglioramento, stabilit\u00e0, funzionalit\u00e0 e sicurezza del nostro sito web.<\/p>\n<p>I dati saranno cancellati al pi\u00f9 tardi dopo sette giorni, a meno che non sia necessaria un&#8217;ulteriore conservazione a fini probatori. In caso contrario, i dati saranno parzialmente o completamente esentati dalla cancellazione fino alla definitiva chiarificazione di un incidente.<\/p>\n<p>COOKIES<br \/>a) Cookies di sessione<br \/>Utilizziamo i cosiddetti cookies con il nostro sito web. I cookies sono piccoli file di testo o altre tecnologie di memorizzazione che vengono memorizzati e salvati sul vostro dispositivo dal vostro browser internet. Questi cookies elaborano determinate informazioni dell&#8217;utente, come il browser o i dati di posizione o l&#8217;indirizzo IP, in base a ciascun singolo dispositivo.<\/p>\n<p>Questa elaborazione rende il nostro sito web pi\u00f9 user-friendly, efficace e sicuro, in quanto consente, ad esempio, la visualizzazione del nostro sito web in diverse lingue o l&#8217;offerta di una funzione di carrello.<\/p>\n<p>La base giuridica di questo trattamento \u00e8 l&#8217;Art. 6 par. 1 lett. b) GDPR, nella misura in cui questi cookies trattano i dati ai fini della stipula o dell&#8217;adempimento del contratto.<\/p>\n<p>Se il trattamento non \u00e8 finalizzato alla stipula o all&#8217;adempimento del contratto, il nostro legittimo interesse risiede nel miglioramento della funzionalit\u00e0 del nostro sito web. La base giuridica \u00e8 allora l&#8217;Art. 6 par. 1 lett. f) GDPR.<\/p>\n<p>Alla chiusura del vostro browser internet, questi cookies di sessione vengono cancellati.<\/p>\n<p>b) Cookies di terze parti<br \/>\u00c8 possibile che con il nostro sito web vengano utilizzati anche cookies di aziende partner, con le quali collaboriamo per scopi pubblicitari, di analisi o di funzionalit\u00e0 del nostro sito web.<\/p>\n<p>Per i dettagli, in particolare per quanto riguarda le finalit\u00e0 e le basi giuridiche del trattamento di tali cookies di terze parti, si prega di consultare le informazioni di seguito riportate.<\/p>\n<p>c) Possibilit\u00e0 di rimozione<br \/>\u00c8 possibile impedire o limitare l&#8217;installazione dei cookies mediante un&#8217;apposita impostazione del browser internet. Allo stesso modo, i cookies gi\u00e0 memorizzati possono essere cancellati in qualsiasi momento. I passaggi e le misure necessarie dipendono tuttavia dal browser internet utilizzato. In caso di domande, si prega di utilizzare la funzione di aiuto o la documentazione del proprio browser internet o di contattare il produttore o l&#8217;assistenza. Nel caso dei cosiddetti Flash cookies, tuttavia, l&#8217;elaborazione non pu\u00f2 essere impedita attraverso le impostazioni del browser. A tal fine, \u00e8 necessario modificare le impostazioni del proprio Flash player. Anche in questo caso, i passaggi e le misure necessarie dipendono dal Flash player effettivamente utilizzato. In caso di domande, si prega di utilizzare anche la funzione di aiuto o la documentazione del Flash player o di contattare il produttore o l&#8217;assistenza utenti.<\/p>\n<p>Se si impedisce o si limita l&#8217;installazione dei cookies, \u00e8 possibile che non tutte le funzioni del nostro sito web siano completamente utilizzabili.<\/p>\n<p>CONSULENZA DEI CONTATTI<br \/>Se ci contattate via e-mail o tramite il modulo di contatto, i dati da voi forniti saranno utilizzati per elaborare la vostra richiesta. La fornitura dei dati \u00e8 necessaria per elaborare e rispondere alla vostra richiesta &#8211; senza la loro fornitura non possiamo rispondere alla vostra richiesta o al massimo in misura limitata.<\/p>\n<p>La base giuridica di questo trattamento \u00e8 l&#8217;Art. 6 par. 1 lett. b) GDPR.<\/p>\n<p>I vostri dati saranno cancellati se la vostra richiesta \u00e8 stata definitivamente risolta e la cancellazione non contrasta con eventuali obblighi legali di conservazione, come ad esempio in caso di successivo adempimento contrattuale.<\/p>\n<p>GOOGLE ANALYTICS<br \/>Utilizziamo Google Analytics sul nostro sito web. Questo \u00e8 un servizio di analisi web fornito da Google Ireland Limited, Gordon House, Barrow Street, Dublino 4, Irlanda, di seguito denominato &#8220;Google&#8221;.<\/p>\n<p>Attraverso la certificazione secondo lo scudo EU-USA per la privacy (&#8220;EU-US Privacy Shield&#8221;)<br \/><a href=\"https:\/\/www.privacyshield.gov\/participant?id=a2zt000000001L5AAI&amp;status=Active\" target=\"_blank\" rel=\"noopener noreferrer\">https:\/\/www.privacyshield.gov\/participant?id=a2zt000000001L5AAI&amp;status=Active<\/a><br \/>Google garantisce che i requisiti di protezione dei dati dell&#8217;UE siano rispettati anche nel trattamento dei dati negli Stati Uniti.<\/p>\n<p>Il servizio Google Analytics viene utilizzato per analizzare il comportamento di utilizzo del nostro sito web. La base giuridica \u00e8 l&#8217;Art. 6 par. 1 lett. f) GDPR. Il nostro legittimo interesse risiede nell&#8217;analisi, ottimizzazione e funzionamento economico del nostro sito web.<\/p>\n<p>Informazioni sull&#8217;uso e l&#8217;utente, come l&#8217;indirizzo IP, il luogo, l&#8217;ora o la frequenza delle visite al nostro sito web, vengono trasmesse a un server di Google negli Stati Uniti e l\u00ec memorizzate. Tuttavia, utilizziamo Google Analytics con la cosiddetta funzione di anonimizzazione. Attraverso questa funzione, Google accorcia l&#8217;indirizzo IP gi\u00e0 all&#8217;interno dell&#8217;UE o del SEE.<\/p>\n<p>I dati raccolti in questo modo vengono utilizzati a loro volta da Google per fornirci una valutazione delle visite al nostro sito web e delle attivit\u00e0 di utilizzo in esso. Questi dati possono anche essere utilizzati per fornire altri servizi relativi all&#8217;uso del nostro sito web e all&#8217;uso di Internet.<\/p>\n<p>Google dichiara di non collegare il vostro indirizzo IP ad altri dati. Inoltre, Google mantiene informazioni aggiuntive sulla protezione dei dati per voi disponibili all&#8217;indirizzo<br \/><a href=\"https:\/\/www.google.com\/intl\/de\/policies\/privacy\/partners\" target=\"_blank\" rel=\"noopener noreferrer\">https:\/\/www.google.com\/intl\/de\/policies\/privacy\/partners<\/a>, ad esempio informazioni su come impedire l&#8217;uso dei dati.<\/p>\n<p>Inoltre, Google offre un cosiddetto componente aggiuntivo di disattivazione con ulteriori informazioni al riguardo. Questo componente aggiuntivo pu\u00f2 essere installato con i browser internet pi\u00f9 comuni e offre un ulteriore controllo sui dati che Google raccoglie quando visitate il nostro sito web. Il componente aggiuntivo comunica a JavaScript (ga.js) di Google Analytics che le informazioni sulla visita al nostro sito web non devono essere trasmesse a Google Analytics. Tuttavia, ci\u00f2 non impedisce che le informazioni ci vengano trasmesse o ad altri servizi di analisi web. Naturalmente, nella presente informativa sulla privacy troverete anche informazioni su altri servizi di analisi web che utilizziamo.<\/p>\n<p>GOOGLE MAPS<br \/>Sul nostro sito web utilizziamo Google Maps per visualizzare la nostra posizione e fornire indicazioni stradali. Si tratta di un servizio fornito da Google Ireland Limited, Gordon House, Barrow Street, Dublino 4, Irlanda, di seguito denominato &#8220;Google&#8221;.<\/p>\n<p>Attraverso la certificazione secondo lo scudo EU-USA per la privacy (&#8220;EU-US Privacy Shield&#8221;)<br \/><a href=\"https:\/\/www.privacyshield.gov\/participant?id=a2zt000000001L5AAI&amp;status=Active\" target=\"_blank\" rel=\"noopener noreferrer\">https:\/\/www.privacyshield.gov\/participant?id=a2zt000000001L5AAI&amp;status=Active<\/a><br \/>Google garantisce che i requisiti di protezione dei dati dell&#8217;UE siano rispettati anche nel trattamento dei dati negli Stati Uniti.<\/p>\n<p>Per consentire la visualizzazione di determinati caratteri sul nostro sito web, quando accedete al nostro sito web viene stabilita una connessione al server di Google negli Stati Uniti.<\/p>\n<p>Se richiamate il componente Google Maps integrato nel nostro sito web, Google memorizza un cookie sul vostro dispositivo tramite il vostro browser internet. Per visualizzare la nostra posizione e fornire indicazioni stradali, i vostri dati utente e le vostre impostazioni vengono trattati. Non possiamo escludere che Google utilizzi server negli Stati Uniti.<\/p>\n<p>La base giuridica \u00e8 l&#8217;Art. 6 par. 1 lett. f) GDPR. Il nostro legittimo interesse risiede nell&#8217;ottimizzazione della funzionalit\u00e0 del nostro sito web.<\/p>\n<p>Attraverso la connessione a Google cos\u00ec stabilita, Google pu\u00f2 determinare da quale sito web \u00e8 stata inviata la vostra richiesta e a quale indirizzo IP devono essere trasmesse le indicazioni stradali.<\/p>\n<p>Se non siete d&#8217;accordo con questo trattamento, avete la possibilit\u00e0 di impedire l&#8217;installazione dei cookies mediante le impostazioni appropriate nel vostro browser internet. I dettagli sono riportati sopra alla voce &#8220;Cookies&#8221;.<\/p>\n<p>Inoltre, l&#8217;uso di Google Maps e delle informazioni ottenute tramite Google Maps \u00e8 regolato dai Termini di utilizzo di Google<br \/><a href=\"https:\/\/policies.google.com\/terms?gl=DE&amp;hl=it\" target=\"_blank\" rel=\"noopener noreferrer\">https:\/\/policies.google.com\/terms?gl=DE&amp;hl=it<\/a><br \/>e dai Termini e condizioni aggiuntivi per Google Maps<br \/><a href=\"https:\/\/www.google.com\/intl\/de_de\/help\/terms_maps.html\" target=\"_blank\" rel=\"noopener noreferrer\">https:\/\/www.google.com\/intl\/de_de\/help\/terms_maps.html<\/a>.<\/p>\n<p>GOOGLE FONTS<br \/>Sul nostro sito web utilizziamo Google Fonts per visualizzare caratteri esterni. Si tratta di un servizio fornito da Google Ireland Limited, Gordon House, Barrow Street, Dublino 4, Irlanda, di seguito denominato &#8220;Google&#8221;.<\/p>\n<p>Attraverso la certificazione secondo lo scudo EU-USA per la privacy (&#8220;EU-US Privacy Shield&#8221;)<br \/><a href=\"https:\/\/www.privacyshield.gov\/participant?id=a2zt000000001L5AAI&amp;status=Active\" target=\"_blank\" rel=\"noopener noreferrer\">https:\/\/www.privacyshield.gov\/participant?id=a2zt000000001L5AAI&amp;status=Active<\/a><br \/>Google garantisce che i requisiti di protezione dei dati dell&#8217;UE siano rispettati anche nel trattamento dei dati negli Stati Uniti.<\/p>\n<p>Per consentire la visualizzazione di determinati caratteri sul nostro sito web, quando accedete al nostro sito web viene stabilita una connessione al server di Google negli Stati Uniti.<\/p>\n<p>La base giuridica \u00e8 l&#8217;Art. 6 par. 1 lett. f) GDPR. Il nostro legittimo interesse risiede nell&#8217;ottimizzazione e nel funzionamento economico del nostro sito web.<\/p>\n<p>Attraverso la connessione a Google cos\u00ec stabilita, Google pu\u00f2 determinare da quale sito web \u00e8 stata inviata la vostra richiesta e a quale indirizzo IP devono essere trasmessi i caratteri per la visualizzazione.<\/p>\n<p>Google offre ulteriori informazioni, in particolare sulle possibilit\u00e0 di impedire l&#8217;uso dei dati, al seguente indirizzo:<br \/><a href=\"https:\/\/adssettings.google.com\/authenticated\" target=\"_blank\" rel=\"noopener noreferrer\">https:\/\/adssettings.google.com\/authenticated<\/a><br \/><a href=\"https:\/\/policies.google.com\/privacy\" target=\"_blank\" rel=\"noopener noreferrer\">https:\/\/policies.google.com\/privacy<\/a>.<\/p>\n\n\t\t<\/div>\n\t\t\t\t\n<style>\n#col-1120209312 > .col-inner {\n  padding: 30px 30px 10px 30px;\n}\n@media (min-width:550px) {\n  #col-1120209312 > .col-inner {\n    padding: 70px 70px 40px 70px;\n  }\n}\n<\/style>\n\t<\/div>\n\n\t\n\n<\/div>\n\t<div id=\"gap-381938010\" class=\"gap-element clearfix\" style=\"display:block; height:auto;\">\n\t\t\n<style>\n#gap-381938010 {\n  padding-top: 10px;\n}\n@media (min-width:550px) {\n  #gap-381938010 {\n    padding-top: 50px;\n  }\n}\n<\/style>\n\t<\/div>\n\t\n\n\n\t\t<\/div>\n\n\t\t\n<style>\n#section_1958273556 {\n  padding-top: 30px;\n  padding-bottom: 30px;\n  background-color: rgb(238, 241, 241);\n}\n<\/style>\n\t<\/section>\n\t\n\n","protected":false},"excerpt":{"rendered":"","protected":false},"author":7,"featured_media":0,"parent":0,"menu_order":16,"comment_status":"closed","ping_status":"closed","template":"page-blank.php","meta":{"footnotes":""},"class_list":["post-2405","page","type-page","status-publish","hentry"],"_links":{"self":[{"href":"https:\/\/www.buchenhof.at\/it\/wp-json\/wp\/v2\/pages\/2405","targetHints":{"allow":["GET"]}}],"collection":[{"href":"https:\/\/www.buchenhof.at\/it\/wp-json\/wp\/v2\/pages"}],"about":[{"href":"https:\/\/www.buchenhof.at\/it\/wp-json\/wp\/v2\/types\/page"}],"author":[{"embeddable":true,"href":"https:\/\/www.buchenhof.at\/it\/wp-json\/wp\/v2\/users\/7"}],"replies":[{"embeddable":true,"href":"https:\/\/www.buchenhof.at\/it\/wp-json\/wp\/v2\/comments?post=2405"}],"version-history":[{"count":6,"href":"https:\/\/www.buchenhof.at\/it\/wp-json\/wp\/v2\/pages\/2405\/revisions"}],"predecessor-version":[{"id":3473,"href":"https:\/\/www.buchenhof.at\/it\/wp-json\/wp\/v2\/pages\/2405\/revisions\/3473"}],"wp:attachment":[{"href":"https:\/\/www.buchenhof.at\/it\/wp-json\/wp\/v2\/media?parent=2405"}],"curies":[{"name":"wp","href":"https:\/\/api.w.org\/{rel}","templated":true}]}}